{"id":44,"date":"2023-05-25T16:08:15","date_gmt":"2023-05-25T16:08:15","guid":{"rendered":"https:\/\/kommerzschrittmacher.com\/?page_id=44"},"modified":"2026-02-27T12:52:34","modified_gmt":"2026-02-27T12:52:34","slug":"our-story","status":"publish","type":"page","link":"https:\/\/www.kommerzschrittmacher.com\/?page_id=44","title":{"rendered":"Impressum"},"content":{"rendered":"\t\t<div data-elementor-type=\"wp-page\" data-elementor-id=\"44\" class=\"elementor elementor-44\">\n\t\t\t\t\t\t\t\t\t<section class=\"elementor-section elementor-top-section elementor-element elementor-element-712d336 elementor-section-boxed elementor-section-height-default elementor-section-height-default\" data-id=\"712d336\" data-element_type=\"section\">\n\t\t\t\t\t\t<div class=\"elementor-container elementor-column-gap-default\">\n\t\t\t\t\t<div class=\"elementor-column elementor-col-100 elementor-top-column elementor-element elementor-element-b81df4a\" data-id=\"b81df4a\" data-element_type=\"column\">\n\t\t\t<div class=\"elementor-widget-wrap elementor-element-populated\">\n\t\t\t\t\t\t\t\t<div class=\"elementor-element elementor-element-67891d7 elementor-widget__width-initial elementor-widget elementor-widget-text-editor\" data-id=\"67891d7\" data-element_type=\"widget\" data-widget_type=\"text-editor.default\">\n\t\t\t\t<div class=\"elementor-widget-container\">\n\t\t\t<style>\/*! elementor - v3.13.3 - 22-05-2023 *\/\n.elementor-widget-text-editor.elementor-drop-cap-view-stacked .elementor-drop-cap{background-color:#69727d;color:#fff}.elementor-widget-text-editor.elementor-drop-cap-view-framed .elementor-drop-cap{color:#69727d;border:3px solid;background-color:transparent}.elementor-widget-text-editor:not(.elementor-drop-cap-view-default) .elementor-drop-cap{margin-top:8px}.elementor-widget-text-editor:not(.elementor-drop-cap-view-default) .elementor-drop-cap-letter{width:1em;height:1em}.elementor-widget-text-editor .elementor-drop-cap{float:left;text-align:center;line-height:1;font-size:50px}.elementor-widget-text-editor .elementor-drop-cap-letter{display:inline-block}<\/style>\t\t\t\t<p><style>\nh1, h2, h3, h4, h5, h6{color:#3E3E3E !important;}<br \/>a{color:#C1B465 !important}<br \/><\/style><\/p><h4>Impressum<\/h4><h6>Angaben gem\u00e4\u00df \u00a7 5 TMG:<\/h6><p>Stefanie Handreck<br \/>Dorfstrasse 34<br \/>15910 Sch\u00f6nwald<\/p><h6>Kontakt:<\/h6><p>Telefon: +49 176 63126273<br \/>E-Mail: info[at]kommerzschrittmacher.com<br \/>USt-ID: DE266823576<\/p><h4>Haftungsausschluss (Disclaimer)<\/h4><h6>Haftung f\u00fcr Inhalte<\/h6><p>Als Diensteanbieter sind wir gem\u00e4\u00df \u00a7 7 Abs.1 TMG f\u00fcr eigene Inhalte auf diesen Seiten nach den allgemeinen Gesetzen verantwortlich. Nach \u00a7\u00a7 8 bis 10 TMG sind wir als Diensteanbieter jedoch nicht verpflichtet, \u00fcbermittelte oder gespeicherte fremde Informationen zu \u00fcberwachen oder nach Umst\u00e4nden zu forschen, die auf eine rechtswidrige T\u00e4tigkeit hinweisen. Verpflichtungen zur Entfernung oder Sperrung der Nutzung von Informationen nach den allgemeinen Gesetzen bleiben hiervon unber\u00fchrt. Eine diesbez\u00fcgliche Haftung ist jedoch erst ab dem Zeitpunkt der Kenntnis einer konkreten Rechtsverletzung m\u00f6glich. Bei Bekanntwerden von entsprechenden Rechtsverletzungen werden wir diese Inhalte umgehend entfernen.<\/p><h6>Haftung f\u00fcr Links<\/h6><p>Unser Angebot enth\u00e4lt Links zu externen Webseiten Dritter, auf deren Inhalte wir keinen Einfluss haben. Deshalb k\u00f6nnen wir f\u00fcr diese fremden Inhalte auch keine Gew\u00e4hr \u00fcbernehmen. F\u00fcr die Inhalte der verlinkten Seiten ist stets der jeweilige Anbieter oder Betreiber der Seiten verantwortlich. Die verlinkten Seiten wurden zum Zeitpunkt der Verlinkung auf m\u00f6gliche Rechtsverst\u00f6\u00dfe \u00fcberpr\u00fcft. Rechtswidrige Inhalte waren zum Zeitpunkt der Verlinkung nicht erkennbar. Eine permanente inhaltliche Kontrolle der verlinkten Seiten ist jedoch ohne konkrete Anhaltspunkte einer Rechtsverletzung nicht zumutbar. Bei Bekanntwerden von Rechtsverletzungen werden wir derartige Links umgehend entfernen.<\/p><h6>Urheberrecht<\/h6><p>Die durch die Seitenbetreiber erstellten Inhalte und Werke auf diesen Seiten unterliegen dem deutschen Urheberrecht. Die Vervielf\u00e4ltigung, Bearbeitung, Verbreitung und jede Art der Verwertung au\u00dferhalb der Grenzen des Urheberrechtes bed\u00fcrfen der schriftlichen Zustimmung des jeweiligen Autors bzw. Erstellers. Downloads und Kopien dieser Seite sind nur f\u00fcr den privaten, nicht kommerziellen Gebrauch gestattet. Soweit die Inhalte auf dieser Seite nicht vom Betreiber erstellt wurden, werden die Urheberrechte Dritter beachtet. Insbesondere werden Inhalte Dritter als solche gekennzeichnet. Sollten Sie trotzdem auf eine Urheberrechtsverletzung aufmerksam werden, bitten wir um einen entsprechenden Hinweis. Bei Bekanntwerden von Rechtsverletzungen werden wir derartige Inhalte umgehend entfernen.<\/p><h2>Datenschutzerkl\u00e4rung<\/h2><p><strong>Letzter Stand: 22.05.2018<\/strong><\/p><h4>Allgemeine Hinweise<\/h4><p>Die folgenden Hinweise geben einen einfachen \u00dcberblick dar\u00fcber, was mit Ihren personenbezogenen Daten passiert, wenn Sie unsere Website besuchen. Personenbezogene Daten sind alle Daten, mit denen Sie pers\u00f6nlich identifiziert werden k\u00f6nnen. Ausf\u00fchrliche Informationen zum Thema Datenschutz entnehmen Sie unserer unter diesem Text aufgef\u00fchrten Datenschutzerkl\u00e4rung.<\/p><h3>1. Datenerfassung auf meiner Website<\/h3><h4>Wer ist verantwortlich f\u00fcr die Datenerfassung auf dieser Website?<\/h4><p>Die Datenverarbeitung auf dieser Website erfolgt durch den Websitebetreiber. Dessen Kontaktdaten k\u00f6nnen Sie dem Impressum dieser Website entnehmen.<\/p><h4>Wie erfasse ich Ihre Daten?<\/h4><p>Ihre Daten werden zum einen dadurch erhoben, dass Sie uns diese mitteilen. Hierbei kann es sich z.B. um Daten handeln, die Sie in ein Kontaktformular eingeben.<\/p><p>Andere Daten werden automatisch beim Besuch der Website durch unsere IT-Systeme erfasst. Das sind vor allem technische Daten (z.B. Internetbrowser, Betriebssystem oder Uhrzeit des Seitenaufrufs). Die Erfassung dieser Daten erfolgt automatisch, sobald Sie unsere Website betreten.<\/p><h4>Wof\u00fcr nutze ich Ihre Daten?<\/h4><p>Ein Teil der Daten wird erhoben, um eine fehlerfreie Bereitstellung der Website zu gew\u00e4hrleisten. Andere Daten k\u00f6nnen zur Analyse Ihres Nutzerverhaltens verwendet werden.<\/p><h4>Welche Rechte haben Sie bez\u00fcglich Ihrer Daten?<\/h4><p>Sie haben jederzeit das Recht unentgeltlich Auskunft \u00fcber Herkunft, Empf\u00e4nger und Zweck Ihrer gespeicherten personenbezogenen Daten zu erhalten. Sie haben au\u00dferdem ein Recht, die Berichtigung, Sperrung oder L\u00f6schung dieser Daten zu verlangen. Hierzu sowie zu weiteren Fragen zum Thema Datenschutz k\u00f6nnen Sie sich jederzeit unter der im Impressum angegebenen Adresse an uns wenden. Des Weiteren steht Ihnen ein Beschwerderecht bei der zust\u00e4ndigen Aufsichtsbeh\u00f6rde zu.<\/p><h4>Analyse-Tools und Tools von Drittanbietern<\/h4><p>Beim Besuch meiner Website kann Ihr Surf-Verhalten statistisch ausgewertet werden. Das geschieht vor allem mit Cookies und mit sogenannten Analyseprogrammen. Die Analyse Ihres Surf-Verhaltens erfolgt in der Regel anonym; das Surf-Verhalten kann nicht zu Ihnen zur\u00fcckverfolgt werden. Sie k\u00f6nnen dieser Analyse widersprechen oder sie durch die Nichtbenutzung bestimmter Tools verhindern. Detaillierte Informationen dazu finden Sie in der folgenden Datenschutzerkl\u00e4rung.<\/p><p>Sie k\u00f6nnen dieser Analyse widersprechen. \u00dcber die Widerspruchsm\u00f6glichkeiten werden wir Sie in dieser Datenschutzerkl\u00e4rung informieren.<\/p><h3>2. Allgemeine Hinweise und Pflichtinformationen<\/h3><h4>Datenschutz<\/h4><p>Der Betreiber dieser Seite nimmt den Schutz Ihrer pers\u00f6nlichen Daten sehr ernst. Ich behandele Ihre personenbezogenen Daten vertraulich und entsprechend der gesetzlichen Datenschutzvorschriften sowie dieser Datenschutzerkl\u00e4rung.<\/p><p>Die Nutzung meiner Webseite ist in der Regel ohne Angabe personenbezogener Daten m\u00f6glich. Soweit auf meiner Seite personenbezogene Daten (z. B. Name, Anschrift oder E-Mailadressen) erhoben werden, erfolgt dies, soweit m\u00f6glich, stets auf freiwilliger Basis. Diese Daten werden ohne Ihre ausdr\u00fcckliche Zustimmung nicht an Dritte weitergegeben. Ich weise darauf hin, dass die Daten\u00fcbertragung im Internet (z.B. bei der Kommunikation per E-Mail) Sicherheitsl\u00fccken aufweisen kann. Ein l\u00fcckenloser Schutz der Daten vor dem Zugriff durch Dritte ist nicht m\u00f6glich. Der Nutzung von im Rahmen der Impressumspflicht ver\u00f6ffentlichten Kontaktdaten durch Dritte zur \u00dcbersendung von nicht ausdr\u00fccklich angeforderter Werbung und Informationsmaterialien wird hiermit ausdr\u00fccklich widersprochen. Der Betreiber der Seite beh\u00e4lt sich ausdr\u00fccklich rechtliche Schritte im Falle der unverlangten Zusendung von Werbeinformationen, etwa durch Spam-Mails, vor.<\/p><p>Diese Website dient ausschlie\u00dflich zu Informationszwecken.<\/p><p>Ich gebe Ihre personenbezogenen Daten nur an Dritte weiter, wenn dies zur Erf\u00fcllung meines eigenen Gesch\u00e4ftszwecks (also insbesondere zur Erbringung der Ihnen gegen\u00fcber geschuldeten Leistungen) erforderlich ist (z. B. wenn wir Ihr Profil einem anderen Nutzer zug\u00e4nglich machen) und Sie ihre Einwilligung hierf\u00fcr erteilt haben oder wir gesetzlich oder aufgrund einer gerichtlichen oder beh\u00f6rdlichen Anordnung dazu verpflichtet sind.<\/p><h4>Hinweis zur verantwortlichen Stelle<\/h4><p>Die verantwortliche Stelle f\u00fcr die Datenverarbeitung auf dieser Webseite ist:<\/p><p>Stefanie Handreck<\/p><p>Dorfstra\u00dfe 34<\/p><p><span style=\"font-family: var( --e-global-typography-text-font-family ), Sans-serif; font-size: var( --e-global-typography-text-font-size ); font-style: var( --e-global-typography-text-font-style ); letter-spacing: var( --e-global-typography-text-letter-spacing ); text-transform: var( --e-global-typography-text-text-transform ); background-color: var( --e-global-color-c696dce ); text-decoration: var( --e-global-typography-text-text-decoration );\">15910 Sch\u00f6nwald<\/span><\/p><p>Telefon: 0176 63 12 62 73<br \/>E-Mail: info@kommerzschrittmacher.com<\/p><p>Verantwortliche Stelle ist die nat\u00fcrliche oder juristische Person, die allein oder gemeinsam mit anderen \u00fcber die Zwecke und Mittel der Verarbeitung von personenbezogenen Daten (z.B. Namen, E-Mailadressen o.\u00e4.) entscheidet.<\/p><h4>Widerruf Ihrer Einwilligung zur Datenverarbeitung<\/h4><p>Viele Datenverarbeitungsvorg\u00e4nge sind nur mit Ihrer ausdr\u00fccklichen Einwilligung m\u00f6glich. Sie k\u00f6nnen eine bereits erteilte Einwilligung jederzeit widerrufen. Dazu reicht eine formlose Mitteilung per E-Mail an mich. Die Rechtm\u00e4\u00dfigkeit der bis zum Widerruf erfolgten Datenverarbeitung bleibt vom Widerruf unber\u00fchrt.<\/p><h4>Recht auf Daten\u00fcbertragbarkeit<\/h4><p>Sie haben das Recht, Daten, die ich auf Grundlage Ihrer Einwilligung oder in Erf\u00fcllung eines Vertrags automatisiert verarbeite, an sich oder an einen Dritten in einem g\u00e4ngigen, maschinenlesbaren Format aush\u00e4ndigen zu lassen. Sofern Sie die direkte \u00dcbertragung der Daten an einen anderen Verantwortlichen verlangen, erfolgt dies nur, soweit es technisch machbar ist.<\/p><h4>SSL- bzw. TLS-Verschl\u00fcsselung<\/h4><p>Diese Seite nutzt aus Sicherheitsgr\u00fcnden und zum Schutz der \u00dcbertragung vertraulicher Inhalte, wie zum Beispiel Bestellungen oder Anfragen, die Sie an uns als Seitenbetreiber senden, eine SSL-bzw. TLS-Verschl\u00fcsselung. Eine verschl\u00fcsselte Verbindung erkennen Sie daran, dass die Adresszeile des Browsers von \u201chttp:\/\/\u201d auf \u201chttps:\/\/\u201d wechselt und an dem Schloss-Symbol in Ihrer Browserzeile.<\/p><p>Wenn die SSL- bzw. TLS-Verschl\u00fcsselung aktiviert ist, k\u00f6nnen die Daten, die Sie an mich \u00fcbermitteln, nicht von Dritten mitgelesen werden.<\/p><h4>Auskunft, Sperrung, L\u00f6schung<\/h4><p>Sie haben im Rahmen der geltenden gesetzlichen Bestimmungen jederzeit das Recht auf unentgeltliche Auskunft \u00fcber Ihre gespeicherten personenbezogenen Daten, deren Herkunft und Empf\u00e4nger und den Zweck der Datenverarbeitung und ggf. ein Recht auf Berichtigung, Sperrung oder L\u00f6schung dieser Daten. Hierzu sowie zu weiteren Fragen zum Thema personenbezogene Daten k\u00f6nnen Sie sich jederzeit unter der im Impressum angegebenen Adresse an mich wenden.<\/p><h3>3. Datenerfassung auf meiner Website<\/h3><h4>Cookies<\/h4><p>Die Internetseite verwendet teilweise so genannte Cookies. Cookies dienen dazu, unser Angebot nutzerfreundlicher, effektiver und sicherer zu machen. Cookies sind kleine Textdateien, die auf Ihrem Rechner abgelegt werden und die Ihr Browser speichert.<\/p><p>Die meisten der von mir verwendeten Cookies sind so genannte \u201cSession-Cookies\u201d. Sie werden nach Ende Ihres Besuchs automatisch gel\u00f6scht. Andere Cookies bleiben auf Ihrem Endger\u00e4t gespeichert bis Sie diese l\u00f6schen. Diese Cookies erm\u00f6glichen es mir, Ihren Browser beim n\u00e4chsten Besuch wiederzuerkennen.<\/p><p>Sie k\u00f6nnen Ihren Browser so einstellen, dass Sie \u00fcber das Setzen von Cookies informiert werden und Cookies nur im Einzelfall erlauben, die Annahme von Cookies f\u00fcr bestimmte F\u00e4lle oder generell ausschlie\u00dfen sowie das automatische L\u00f6schen der Cookies beim Schlie\u00dfen des Browsers aktivieren. Bei der Deaktivierung von Cookies kann die Funktionalit\u00e4t dieser Website eingeschr\u00e4nkt sein.<\/p><p>Cookies, die zur Durchf\u00fchrung des elektronischen Kommunikationsvorgangs oder zur Bereitstellung bestimmter, von Ihnen erw\u00fcnschter Funktionen (z.B. Warenkorbfunktion) erforderlich sind, werden auf Grundlage von Art. 6 Abs. 1 lit. f DSGVO gespeichert. Der Websitebetreiber hat ein berechtigtes Interesse an der Speicherung von Cookies zur technisch fehlerfreien und optimierten Bereitstellung seiner Dienste. Soweit andere Cookies (z.B. Cookies zur Analyse Ihres Surfverhaltens) gespeichert werden, werden diese in dieser Datenschutzerkl\u00e4rung gesondert behandelt.<\/p><h4>Server-Log-Dateien<\/h4><p>Der Provider der Seite erhebt und speichert automatisch Informationen in so genannten Server-Log-Dateien, die Ihr Browser automatisch an mich \u00fcbermittelt. Dies sind:<\/p><ul><li>Browsertyp und Browserversion<\/li><li>verwendetes Betriebssystem<\/li><li>Referrer URL<\/li><li>Hostname des zugreifenden Rechners<\/li><li>Uhrzeit der Serveranfrage<\/li><li>IP-Adresse<\/li><\/ul><p>Eine Zusammenf\u00fchrung dieser Daten mit anderen Datenquellen wird nicht vorgenommen.<\/p><p>Grundlage f\u00fcr die Datenverarbeitung ist Art. 6 Abs. 1 lit. f DSGVO, der die Verarbeitung von Daten zur Erf\u00fcllung eines Vertrags oder vorvertraglicher Ma\u00dfnahmen gestattet.<\/p><h4>\u00a0<\/h4><h3>4. Soziale Medien<\/h3><h4>Inhalte teilen \u00fcber Plugins (Facebook, XING, &#8230; )<\/h4><p>Die Inhalte auf meiner Webseite k\u00f6nnen datenschutzkonform in sozialen Netzwerken wie Facebook, Twitter oder Google+ geteilt werden. Diese Seite nutzt daf\u00fcr das <u><a href=\"https:\/\/www.e-recht24.de\/erecht24-safe-sharing.html#datenschutz\">eRecht24 Safe Sharing Tool<\/a><\/u>. Dieses Tool stellt den direkten Kontakt zwischen den Netzwerken und Nutzern erst dann her, wenn der Nutzer aktiv auf einen dieser Button klickt.<\/p><p>Eine automatische \u00dcbertragung von Nutzerdaten an die Betreiber dieser Plattformen erfolgt durch dieses Tool nicht. Ist der Nutzer bei einem der sozialen Netzwerke angemeldet, erscheint bei der Nutzung der Social-Buttons von Facebook, Google+1, Twitter &amp; Co. ein Informations-Fenster, in dem der Nutzer den Text vor dem Absenden best\u00e4tigen kann.<\/p><p>Meine Nutzer k\u00f6nnen die Inhalte dieser Seite datenschutzkonform in sozialen Netzwerken teilen, ohne dass komplette Surf-Profile durch die Betreiber der Netzwerke erstellt werden.<\/p><h4><span style=\"font-family: inherit; font-size: 1.75rem; font-weight: 500; font-style: var( --e-global-typography-text-font-style ); letter-spacing: var( --e-global-typography-text-letter-spacing ); text-transform: var( --e-global-typography-text-text-transform ); text-decoration: var( --e-global-typography-text-text-decoration ); background-color: var( --e-global-color-c696dce );\">5. Analyse Tools<\/span><\/h4><h4>IP Anonymisierung<\/h4><p>Ich habe auf dieser Website die Funktion IP-Anonymisierung aktiviert. Dadurch wird Ihre IP-Adresse von Google innerhalb von Mitgliedstaaten der Europ\u00e4ischen Union oder in anderen Vertragsstaaten des Abkommens \u00fcber den Europ\u00e4ischen Wirtschaftsraum vor der \u00dcbermittlung in die USA gek\u00fcrzt. Nur in Ausnahmef\u00e4llen wird die volle IP-Adresse an einen Server von Google in den USA \u00fcbertragen und dort gek\u00fcrzt. Im Auftrag des Betreibers dieser Website wird Google diese Informationen benutzen, um Ihre Nutzung der Website auszuwerten, um Reports \u00fcber die Websiteaktivit\u00e4ten zusammenzustellen und um weitere mit der Websitenutzung und der Internetnutzung verbundene Dienstleistungen gegen\u00fcber dem Websitebetreiber zu erbringen. Die im Rahmen von Google Analytics von Ihrem Browser \u00fcbermittelte IP-Adresse wird nicht mit anderen Daten von Google zusammengef\u00fchrt.<\/p><h4>Browser Plugin<\/h4><p>Sie k\u00f6nnen die Speicherung der Cookies durch eine entsprechende Einstellung Ihrer Browser-Software verhindern; wir weisen Sie jedoch darauf hin, dass Sie in diesem Fall gegebenenfalls nicht s\u00e4mtliche Funktionen dieser Website vollumf\u00e4nglich werden nutzen k\u00f6nnen. Sie k\u00f6nnen dar\u00fcber hinaus die Erfassung der durch den Cookie erzeugten und auf Ihre Nutzung der Webseite bezogenen Daten (inkl. Ihrer IP-Adresse) an Google sowie die Verarbeitung dieser Daten durch Google verhindern, indem Sie das unter dem folgenden Link verf\u00fcgbare Browser-Plugin herunterladen und installieren: <u><a href=\"https:\/\/tools.google.com\/dlpage\/gaoptout?hl=de\">https:\/\/tools.google.com\/dlpage\/gaoptout?hl=de<\/a><\/u>.<\/p><h3>6. Haftung und Haftungsbegrenzung<\/h3><p>Die vertragliche und gesetzliche Haftung von Stefanie Handreck \u2013 Kommerzschrittmacher ist auf Vorsatz und grobe Fahrl\u00e4ssigkeit beschr\u00e4nkt. Des Weiteren ist die Haftung f\u00fcr Fahrl\u00e4ssigkeit sowie eine verschuldensunabh\u00e4ngige Haftung ausgeschlossen. Keine Anwendung findet die vorstehende Haftungsbeschr\u00e4nkung auf F\u00e4lle zwingender gesetzlicher Haftung und bei schuldhaft verursachten K\u00f6rpersch\u00e4den.<br \/><br \/><\/p><p><b>Verwendete Icons und Bilder:<\/b><\/p><p>Phone by NAPISAH from <a title=\"Phone Icons\" href=\"https:\/\/thenounproject.com\/browse\/icons\/term\/phone\/\" target=\"_blank\" rel=\"noopener\">Noun Project<\/a><\/p><p>Mail by IconStock from <a title=\"Mail Icons\" href=\"https:\/\/thenounproject.com\/browse\/icons\/term\/mail\/\" target=\"_blank\" rel=\"noopener\">Noun Project<\/a><\/p><p>Calendar by iconsphere from <a title=\"Calendar Icons\" href=\"https:\/\/thenounproject.com\/browse\/icons\/term\/calendar\/\" target=\"_blank\" rel=\"noopener\">Noun Project<\/a><\/p><p>Search by iconsphere from <a title=\"Search Icons\" href=\"https:\/\/thenounproject.com\/browse\/icons\/term\/search\/\" target=\"_blank\" rel=\"noopener\">Noun Project<\/a><\/p><p>Search User by iconsphere from <a title=\"Search User Icons\" href=\"https:\/\/thenounproject.com\/browse\/icons\/term\/search-user\/\" target=\"_blank\" rel=\"noopener\">Noun Project<\/a><\/p><p>Family by iconsphere from <a title=\"Family Icons\" href=\"https:\/\/thenounproject.com\/browse\/icons\/term\/family\/\" target=\"_blank\" rel=\"noopener\">Noun Project<\/a><\/p><p>Suitcase by iconsphere from <a title=\"Suitcase Icons\" href=\"https:\/\/thenounproject.com\/browse\/icons\/term\/suitcase\/\" target=\"_blank\" rel=\"noopener\">Noun Project<\/a><\/p>\t\t\t\t\t\t<\/div>\n\t\t\t\t<\/div>\n\t\t\t\t\t<\/div>\n\t\t<\/div>\n\t\t\t\t\t\t\t<\/div>\n\t\t<\/section>\n\t\t\t\t\t\t\t<\/div>\n\t\t","protected":false},"excerpt":{"rendered":"<p>Impressum Angaben gem\u00e4\u00df \u00a7 5 TMG: Stefanie HandreckDorfstrasse 3415910 Sch\u00f6nwald Kontakt: Telefon: +49 176 63126273E-Mail: info[at]kommerzschrittmacher.comUSt-ID: DE266823576 Haftungsausschluss (Disclaimer) Haftung f\u00fcr Inhalte Als Diensteanbieter sind wir gem\u00e4\u00df \u00a7 7 Abs.1 TMG f\u00fcr eigene Inhalte auf diesen Seiten nach den allgemeinen Gesetzen verantwortlich. Nach \u00a7\u00a7 8 bis 10 TMG sind wir als Diensteanbieter jedoch nicht verpflichtet, [&hellip;]<\/p>\n","protected":false},"author":1,"featured_media":0,"parent":0,"menu_order":0,"comment_status":"closed","ping_status":"closed","template":"elementor_header_footer","meta":[],"_links":{"self":[{"href":"https:\/\/www.kommerzschrittmacher.com\/index.php?rest_route=\/wp\/v2\/pages\/44"}],"collection":[{"href":"https:\/\/www.kommerzschrittmacher.com\/index.php?rest_route=\/wp\/v2\/pages"}],"about":[{"href":"https:\/\/www.kommerzschrittmacher.com\/index.php?rest_route=\/wp\/v2\/types\/page"}],"author":[{"embeddable":true,"href":"https:\/\/www.kommerzschrittmacher.com\/index.php?rest_route=\/wp\/v2\/users\/1"}],"replies":[{"embeddable":true,"href":"https:\/\/www.kommerzschrittmacher.com\/index.php?rest_route=%2Fwp%2Fv2%2Fcomments&post=44"}],"version-history":[{"count":35,"href":"https:\/\/www.kommerzschrittmacher.com\/index.php?rest_route=\/wp\/v2\/pages\/44\/revisions"}],"predecessor-version":[{"id":1685,"href":"https:\/\/www.kommerzschrittmacher.com\/index.php?rest_route=\/wp\/v2\/pages\/44\/revisions\/1685"}],"wp:attachment":[{"href":"https:\/\/www.kommerzschrittmacher.com\/index.php?rest_route=%2Fwp%2Fv2%2Fmedia&parent=44"}],"curies":[{"name":"wp","href":"https:\/\/api.w.org\/{rel}","templated":true}]}}